{"id":6737,"date":"2020-11-25T15:23:46","date_gmt":"2020-11-25T14:23:46","guid":{"rendered":"http:\/\/patrickfournia.cluster1.easy-hebergement.net\/New\/?page_id=6737"},"modified":"2023-04-04T09:00:47","modified_gmt":"2023-04-04T07:00:47","slug":"contact-3","status":"publish","type":"page","link":"https:\/\/patrickfournial.com\/New\/contact-3\/","title":{"rendered":"Contact"},"content":{"rendered":"<div  class=\"tatsu-gl1sayyald1czcyg tatsu-section  tatsu-bg-overlay   tatsu-clearfix\" data-title=\"\"  data-headerscheme=\"background--dark\"><div class='tatsu-section-pad clearfix' data-padding='{\"d\":\"94px 0px 0px 0px\"}' data-padding-top='94px'><div class=\"tatsu-row-wrap  tatsu-wrap tatsu-row-one-col tatsu-row-has-one-cols tatsu-medium-gutter tatsu-reg-cols  tatsu-clearfix tatsu-gl1sayyavvfjer7q\" ><div  class=\"tatsu-row \" ><div  class=\"tatsu-column  tatsu-bg-overlay tatsu-one-col tatsu-column-image-none tatsu-column-effect-none  tatsu-gl1sayyb6b89qw3i\"  data-parallax-speed=\"0\" style=\"\"><div class=\"tatsu-column-inner \" ><div class=\"tatsu-column-pad-wrap\"><div class=\"tatsu-column-pad\" ><div  class=\"tatsu-module tatsu-text-block-wrap tatsu-rABow-SiI  \"><div class=\"tatsu-text-inner tatsu-align-center  clearfix\" ><style>.tatsu-rABow-SiI.tatsu-text-block-wrap .tatsu-text-inner{width: 100%;text-align: left;}<\/style>\n<p><span style=\"font-size: 12pt;\"><strong>Photographe et r\u00e9alisateur de documentaires, Patrick Fournial vit aujourd&rsquo;hui en r\u00e9gion parisienne. Il est pr\u00e9sent dans plusieurs collections publiques et priv\u00e9es, en France et \u00e0 l&rsquo;\u00e9tranger. Pour une proposition de travail, d&rsquo;exposition, acqu\u00e9rir un tirage d&rsquo;auteur ou tout simplement \u00e9changer avec lui, prenez contact \u00e0 travers son mail : <\/strong><span style=\"color: #993366;\"><strong>\u00a0pat.fournial@gmail.com<\/strong><\/span><\/span><\/p>\n<\/div><\/div><\/div><\/div><div class = \"tatsu-column-bg-image-wrap\"><div class = \"tatsu-column-bg-image\" ><\/div><\/div><div class=\"tatsu-overlay tatsu-column-overlay tatsu-animate-none\" ><\/div><\/div><style>.tatsu-row > .tatsu-gl1sayyb6b89qw3i.tatsu-column{width: 100%;}.tatsu-gl1sayyb6b89qw3i.tatsu-column > .tatsu-column-inner > .tatsu-column-overlay{mix-blend-mode: normal;}.tatsu-gl1sayyb6b89qw3i > .tatsu-column-inner > .tatsu-top-divider{z-index: 9999;}.tatsu-gl1sayyb6b89qw3i > .tatsu-column-inner > .tatsu-bottom-divider{z-index: 9999;}.tatsu-gl1sayyb6b89qw3i > .tatsu-column-inner > .tatsu-left-divider{z-index: 9999;}.tatsu-gl1sayyb6b89qw3i > .tatsu-column-inner > .tatsu-right-divider{z-index: 9999;}<\/style><\/div><\/div><\/div><\/div><div class=\"tatsu-section-background-wrap\"><div class = \"tatsu-section-background\" ><\/div><\/div><div class=\"tatsu-overlay tatsu-section-overlay\"><\/div><style>.tatsu-gl1sayyald1czcyg .tatsu-section-pad{padding: 94px 0px 0px 0px;}.tatsu-gl1sayyald1czcyg > .tatsu-bottom-divider{z-index: 9999;}.tatsu-gl1sayyald1czcyg > .tatsu-top-divider{z-index: 9999;}.tatsu-gl1sayyald1czcyg .tatsu-section-overlay{mix-blend-mode: normal;}<\/style><\/div>\n","protected":false},"excerpt":{"rendered":"<p><a href=\"https:\/\/patrickfournial.com\/New\/contact-3\/\" class=\"more-link style1-button\">Read More<\/a><\/p>","protected":false},"author":1,"featured_media":0,"parent":0,"menu_order":0,"comment_status":"closed","ping_status":"closed","template":"","meta":[],"yoast_head":"<!-- This site is optimized with the Yoast SEO plugin v18.4.1 - https:\/\/yoast.com\/wordpress\/plugins\/seo\/ -->\n<title>Contact - Patrick Fournial - envoyer un message \u00e0 l&#039;auteur<\/title>\n<meta name=\"description\" content=\"Patrick Fournial vit aujourd&#039;hui en r\u00e9gion parisienne.Il est pr\u00e9sent dans des collections publiques et priv\u00e9es, en France et \u00e0 l&#039;\u00e9tranger.\" \/>\n<meta name=\"robots\" content=\"index, follow, max-snippet:-1, max-image-preview:large, max-video-preview:-1\" \/>\n<link rel=\"canonical\" href=\"https:\/\/patrickfournial.com\/New\/contact-3\/\" \/>\n<meta property=\"og:locale\" content=\"fr_FR\" \/>\n<meta property=\"og:type\" content=\"article\" \/>\n<meta property=\"og:title\" content=\"Contact - Patrick Fournial - envoyer un message \u00e0 l&#039;auteur\" \/>\n<meta property=\"og:description\" content=\"Patrick Fournial vit aujourd&#039;hui en r\u00e9gion parisienne.Il est pr\u00e9sent dans des collections publiques et priv\u00e9es, en France et \u00e0 l&#039;\u00e9tranger.\" \/>\n<meta property=\"og:url\" content=\"https:\/\/patrickfournial.com\/New\/contact-3\/\" \/>\n<meta property=\"og:site_name\" content=\"Patrick Fournial\" \/>\n<meta property=\"article:modified_time\" content=\"2023-04-04T07:00:47+00:00\" \/>\n<meta name=\"twitter:card\" content=\"summary_large_image\" \/>\n<meta name=\"twitter:label1\" content=\"Dur\u00e9e de lecture estim\u00e9e\" \/>\n\t<meta name=\"twitter:data1\" content=\"3 minutes\" \/>\n<script type=\"application\/ld+json\" class=\"yoast-schema-graph\">{\"@context\":\"https:\/\/schema.org\",\"@graph\":[{\"@type\":[\"Person\",\"Organization\"],\"@id\":\"https:\/\/patrickfournial.com\/New\/#\/schema\/person\/cfc14d758c98f3f2b4415f4ee9101a80\",\"name\":\"PATRICK FOURNIAL\",\"image\":{\"@type\":\"ImageObject\",\"@id\":\"https:\/\/patrickfournial.com\/New\/#personlogo\",\"inLanguage\":\"fr-FR\",\"url\":\"https:\/\/patrickfournial.com\/New\/wp-content\/uploads\/2023\/03\/Portrait-PF2.jpg\",\"contentUrl\":\"https:\/\/patrickfournial.com\/New\/wp-content\/uploads\/2023\/03\/Portrait-PF2.jpg\",\"width\":1299,\"height\":1299,\"caption\":\"PATRICK FOURNIAL\"},\"logo\":{\"@id\":\"https:\/\/patrickfournial.com\/New\/#personlogo\"},\"sameAs\":[\"http:\/\/patrickfournia.cluster1.easy-hebergement.net\/New\"]},{\"@type\":\"WebSite\",\"@id\":\"https:\/\/patrickfournial.com\/New\/#website\",\"url\":\"https:\/\/patrickfournial.com\/New\/\",\"name\":\"Patrick Fournial\",\"description\":\"Galerie travaux Photo &amp; Vid\u00e9o de Patrick Fournial\",\"publisher\":{\"@id\":\"https:\/\/patrickfournial.com\/New\/#\/schema\/person\/cfc14d758c98f3f2b4415f4ee9101a80\"},\"potentialAction\":[{\"@type\":\"SearchAction\",\"target\":{\"@type\":\"EntryPoint\",\"urlTemplate\":\"https:\/\/patrickfournial.com\/New\/?s={search_term_string}\"},\"query-input\":\"required name=search_term_string\"}],\"inLanguage\":\"fr-FR\"},{\"@type\":\"WebPage\",\"@id\":\"https:\/\/patrickfournial.com\/New\/contact-3\/#webpage\",\"url\":\"https:\/\/patrickfournial.com\/New\/contact-3\/\",\"name\":\"Contact - Patrick Fournial - envoyer un message \u00e0 l'auteur\",\"isPartOf\":{\"@id\":\"https:\/\/patrickfournial.com\/New\/#website\"},\"datePublished\":\"2020-11-25T14:23:46+00:00\",\"dateModified\":\"2023-04-04T07:00:47+00:00\",\"description\":\"Patrick Fournial vit aujourd'hui en r\u00e9gion parisienne.Il est pr\u00e9sent dans des collections publiques et priv\u00e9es, en France et \u00e0 l'\u00e9tranger.\",\"breadcrumb\":{\"@id\":\"https:\/\/patrickfournial.com\/New\/contact-3\/#breadcrumb\"},\"inLanguage\":\"fr-FR\",\"potentialAction\":[{\"@type\":\"ReadAction\",\"target\":[\"https:\/\/patrickfournial.com\/New\/contact-3\/\"]}]},{\"@type\":\"BreadcrumbList\",\"@id\":\"https:\/\/patrickfournial.com\/New\/contact-3\/#breadcrumb\",\"itemListElement\":[{\"@type\":\"ListItem\",\"position\":1,\"name\":\"Accueil\",\"item\":\"https:\/\/patrickfournial.com\/New\/\"},{\"@type\":\"ListItem\",\"position\":2,\"name\":\"Contact\"}]}]}<\/script>\n<!-- \/ Yoast SEO plugin. -->","yoast_head_json":{"title":"Contact - Patrick Fournial - envoyer un message \u00e0 l'auteur","description":"Patrick Fournial vit aujourd'hui en r\u00e9gion parisienne.Il est pr\u00e9sent dans des collections publiques et priv\u00e9es, en France et \u00e0 l'\u00e9tranger.","robots":{"index":"index","follow":"follow","max-snippet":"max-snippet:-1","max-image-preview":"max-image-preview:large","max-video-preview":"max-video-preview:-1"},"canonical":"https:\/\/patrickfournial.com\/New\/contact-3\/","og_locale":"fr_FR","og_type":"article","og_title":"Contact - Patrick Fournial - envoyer un message \u00e0 l'auteur","og_description":"Patrick Fournial vit aujourd'hui en r\u00e9gion parisienne.Il est pr\u00e9sent dans des collections publiques et priv\u00e9es, en France et \u00e0 l'\u00e9tranger.","og_url":"https:\/\/patrickfournial.com\/New\/contact-3\/","og_site_name":"Patrick Fournial","article_modified_time":"2023-04-04T07:00:47+00:00","twitter_card":"summary_large_image","twitter_misc":{"Dur\u00e9e de lecture estim\u00e9e":"3 minutes"},"schema":{"@context":"https:\/\/schema.org","@graph":[{"@type":["Person","Organization"],"@id":"https:\/\/patrickfournial.com\/New\/#\/schema\/person\/cfc14d758c98f3f2b4415f4ee9101a80","name":"PATRICK FOURNIAL","image":{"@type":"ImageObject","@id":"https:\/\/patrickfournial.com\/New\/#personlogo","inLanguage":"fr-FR","url":"https:\/\/patrickfournial.com\/New\/wp-content\/uploads\/2023\/03\/Portrait-PF2.jpg","contentUrl":"https:\/\/patrickfournial.com\/New\/wp-content\/uploads\/2023\/03\/Portrait-PF2.jpg","width":1299,"height":1299,"caption":"PATRICK FOURNIAL"},"logo":{"@id":"https:\/\/patrickfournial.com\/New\/#personlogo"},"sameAs":["http:\/\/patrickfournia.cluster1.easy-hebergement.net\/New"]},{"@type":"WebSite","@id":"https:\/\/patrickfournial.com\/New\/#website","url":"https:\/\/patrickfournial.com\/New\/","name":"Patrick Fournial","description":"Galerie travaux Photo &amp; Vid\u00e9o de Patrick Fournial","publisher":{"@id":"https:\/\/patrickfournial.com\/New\/#\/schema\/person\/cfc14d758c98f3f2b4415f4ee9101a80"},"potentialAction":[{"@type":"SearchAction","target":{"@type":"EntryPoint","urlTemplate":"https:\/\/patrickfournial.com\/New\/?s={search_term_string}"},"query-input":"required name=search_term_string"}],"inLanguage":"fr-FR"},{"@type":"WebPage","@id":"https:\/\/patrickfournial.com\/New\/contact-3\/#webpage","url":"https:\/\/patrickfournial.com\/New\/contact-3\/","name":"Contact - Patrick Fournial - envoyer un message \u00e0 l'auteur","isPartOf":{"@id":"https:\/\/patrickfournial.com\/New\/#website"},"datePublished":"2020-11-25T14:23:46+00:00","dateModified":"2023-04-04T07:00:47+00:00","description":"Patrick Fournial vit aujourd'hui en r\u00e9gion parisienne.Il est pr\u00e9sent dans des collections publiques et priv\u00e9es, en France et \u00e0 l'\u00e9tranger.","breadcrumb":{"@id":"https:\/\/patrickfournial.com\/New\/contact-3\/#breadcrumb"},"inLanguage":"fr-FR","potentialAction":[{"@type":"ReadAction","target":["https:\/\/patrickfournial.com\/New\/contact-3\/"]}]},{"@type":"BreadcrumbList","@id":"https:\/\/patrickfournial.com\/New\/contact-3\/#breadcrumb","itemListElement":[{"@type":"ListItem","position":1,"name":"Accueil","item":"https:\/\/patrickfournial.com\/New\/"},{"@type":"ListItem","position":2,"name":"Contact"}]}]}},"_links":{"self":[{"href":"https:\/\/patrickfournial.com\/New\/wp-json\/wp\/v2\/pages\/6737"}],"collection":[{"href":"https:\/\/patrickfournial.com\/New\/wp-json\/wp\/v2\/pages"}],"about":[{"href":"https:\/\/patrickfournial.com\/New\/wp-json\/wp\/v2\/types\/page"}],"author":[{"embeddable":true,"href":"https:\/\/patrickfournial.com\/New\/wp-json\/wp\/v2\/users\/1"}],"replies":[{"embeddable":true,"href":"https:\/\/patrickfournial.com\/New\/wp-json\/wp\/v2\/comments?post=6737"}],"version-history":[{"count":32,"href":"https:\/\/patrickfournial.com\/New\/wp-json\/wp\/v2\/pages\/6737\/revisions"}],"predecessor-version":[{"id":6971,"href":"https:\/\/patrickfournial.com\/New\/wp-json\/wp\/v2\/pages\/6737\/revisions\/6971"}],"wp:attachment":[{"href":"https:\/\/patrickfournial.com\/New\/wp-json\/wp\/v2\/media?parent=6737"}],"curies":[{"name":"wp","href":"https:\/\/api.w.org\/{rel}","templated":true}]}}